{"id":292,"date":"2021-03-31T19:20:11","date_gmt":"2021-03-31T17:20:11","guid":{"rendered":"https:\/\/schwabenhilfe.de\/kinder\/?page_id=292"},"modified":"2024-08-13T14:20:49","modified_gmt":"2024-08-13T12:20:49","slug":"wir-foerdern-und-begleiten-kinder","status":"publish","type":"page","link":"https:\/\/schwabenhilfe.de\/kinder\/wir-foerdern-und-begleiten-kinder\/","title":{"rendered":"Wir f\u00f6rdern und begleiten Kinder"},"content":{"rendered":"<h1 style=\"text-align: center;\" data-tadv-p=\"keep\">Wir f\u00f6rdern und begleiten Kinder<\/h1>\n<ul style=\"list-style-type: disc;\">\n<li data-tadv-p=\"keep\">mit Entwicklungsverz\u00f6gerungen in den Bereichen Sprache, Motorik, Kognition, Wahrnehmung, Sozialverhalten und emotionale Entwicklung,<\/li>\n<li data-tadv-p=\"keep\">mit Sprachschwierigkeiten<\/li>\n<li data-tadv-p=\"keep\">und Kinder, die besondere Unterst\u00fctzung bei der Entwicklung ihres Sozialverhaltens ben\u00f6tigen.<\/li>\n<\/ul>\n<p>Seit 40 Jahren unterst\u00fctzen und begleiten wir Kinder und deren Eltern mit einem fl\u00e4chendeckendem Netz in ganz Bayerisch Schwaben. Das Ziel unserer Arbeit ist es, die Kinder in Ihren Entwicklungsbereichen so zu stabilisieren, dass sie (wieder) in die Regelschule integriert werden k\u00f6nnen.<\/p>\n<p>Wir arbeiten grunds\u00e4tzlich ressourcenorientiert, mit einer ganzheitlichen Sichtweise auf das Kind, nach dem Leitsatz: <strong>\u201eSt\u00e4rken st\u00e4rken, Schw\u00e4chen schw\u00e4chen\u201c<\/strong>.<\/p>\n<p>Betreut werden <span style=\"text-decoration: underline;\">Kinder im Vorschulalter<\/span> in unseren privaten schulvorbereitenden Einrichtungen oder mit mobilen sonderp\u00e4dagogischen Hilfen in Kinderg\u00e4rten.<\/p>\n<p>Als privater Schultr\u00e4ger betreiben wir f\u00fcr <span style=\"text-decoration: underline;\">Schulkinder<\/span> die Agnes-Wyssach-Schule, Privates sonderp\u00e4dagogisches F\u00f6rderzentrum &#8211; Teilzentrum &#8211; in Kempten (mit gebundenen Ganztagsklassen) und die Simpertschule, Privates F\u00f6rderzentrum mit den F\u00f6rderschwerpunkt emotionale und soziale Entwicklung in Augsburg. An der Simpertschule bieten wir dar\u00fcber hinaus eine p\u00e4dagogische Nachmittagsbetreuung in der Tagesst\u00e4tte an.<\/p>\n","protected":false},"excerpt":{"rendered":"<p>Wir f\u00f6rdern und begleiten Kinder mit Entwicklungsverz\u00f6gerungen in den Bereichen Sprache, Motorik, Kognition, Wahrnehmung, Sozialverhalten und emotionale Entwicklung, mit Sprachschwierigkeiten und Kinder, die besondere Unterst\u00fctzung bei der Entwicklung ihres Sozialverhaltens [&hellip;]<\/p>\n","protected":false},"author":2,"featured_media":0,"parent":0,"menu_order":0,"comment_status":"closed","ping_status":"closed","template":"","meta":{"footnotes":""},"categories":[],"tags":[],"class_list":["post-292","page","type-page","status-publish","hentry"],"_links":{"self":[{"href":"https:\/\/schwabenhilfe.de\/kinder\/wp-json\/wp\/v2\/pages\/292","targetHints":{"allow":["GET"]}}],"collection":[{"href":"https:\/\/schwabenhilfe.de\/kinder\/wp-json\/wp\/v2\/pages"}],"about":[{"href":"https:\/\/schwabenhilfe.de\/kinder\/wp-json\/wp\/v2\/types\/page"}],"author":[{"embeddable":true,"href":"https:\/\/schwabenhilfe.de\/kinder\/wp-json\/wp\/v2\/users\/2"}],"replies":[{"embeddable":true,"href":"https:\/\/schwabenhilfe.de\/kinder\/wp-json\/wp\/v2\/comments?post=292"}],"version-history":[{"count":4,"href":"https:\/\/schwabenhilfe.de\/kinder\/wp-json\/wp\/v2\/pages\/292\/revisions"}],"predecessor-version":[{"id":1535,"href":"https:\/\/schwabenhilfe.de\/kinder\/wp-json\/wp\/v2\/pages\/292\/revisions\/1535"}],"wp:attachment":[{"href":"https:\/\/schwabenhilfe.de\/kinder\/wp-json\/wp\/v2\/media?parent=292"}],"wp:term":[{"taxonomy":"category","embeddable":true,"href":"https:\/\/schwabenhilfe.de\/kinder\/wp-json\/wp\/v2\/categories?post=292"},{"taxonomy":"post_tag","embeddable":true,"href":"https:\/\/schwabenhilfe.de\/kinder\/wp-json\/wp\/v2\/tags?post=292"}],"curies":[{"name":"wp","href":"https:\/\/api.w.org\/{rel}","templated":true}]}}