{"id":268,"date":"2021-03-24T10:20:00","date_gmt":"2021-03-24T09:20:00","guid":{"rendered":"https:\/\/schwabenhilfe.de\/kinder\/?page_id=268"},"modified":"2026-04-13T13:47:43","modified_gmt":"2026-04-13T11:47:43","slug":"stellenangebote","status":"publish","type":"page","link":"https:\/\/schwabenhilfe.de\/kinder\/stellenangebote\/","title":{"rendered":"Stellenangebote"},"content":{"rendered":"\n<h1 class=\"wp-block-heading has-text-align-center\">Stellenangebote<\/h1>\n\n\n<div class=\"lightweight-accordion\"><details><summary class=\"lightweight-accordion-title\"><span>Heilp\u00e4dagogin bzw. Erzieherin (m\/w\/d) &#8211; Graben Landkreis Augsburg<\/span><\/summary><div class=\"lightweight-accordion-body\">\n\n<p>F\u00fcr die <strong>Private schulvorbereitende Einrichtung Graben <\/strong>suchen wir ab 14.09.2026 eine <strong>teilzeitbesch\u00e4ftigte Heilp\u00e4dagogin oder Erzieherin&nbsp;(m\/w\/d), <\/strong>zun\u00e4chst befristet bis zum Ende des Schuljahres 2026\/27. Eine Weiterbesch\u00e4ftigung ist grunds\u00e4tzlich m\u00f6glich und auch erw\u00fcnscht.<\/p>\n\n\n\n<p><br><strong>Aufgaben und Verantwortungsbereich<\/strong><br>&nbsp;<\/p>\n\n\n\n<p>In den schulvorbereitenden Einrichtungen (<strong>SVE<\/strong>) werden Kinder mit sonderp\u00e4dagogischem F\u00f6rderbedarf im Alter von drei bis sechs Jahren in kleinen Gruppen intensiv betreut und gef\u00f6rdert. Die Gruppen werden von einer Heilp\u00e4dagogin (m\/w\/d) geleitet, welche in Diagnose und F\u00f6rderung von einer Sonderschullehrkraft unterst\u00fctzt werden. Zus\u00e4tzlich werden zur Betreuung der Kinder Kinderpfleger (m\/w\/d) eingesetzt.<\/p>\n\n\n\n<p>Die w\u00f6chentliche Arbeitszeit in der SVE betr\u00e4gt ca. 33 Wochenstunden. Die Unterweisung der Kinder findet schult\u00e4glich am Vormittag statt. Die Eingruppierung erfolgt nach TV-L.<\/p>\n\n\n\n<p><br><strong>Voraussetzungen<\/strong><br>&nbsp;<strong>Wir erwarten:<\/strong><\/p>\n\n\n\n<ul class=\"wp-block-list\">\n<li>selbst\u00e4ndige Mitarbeit auf der Grundlage der Einrichtungskonzeption<\/li>\n\n\n\n<li>Empathie f\u00fcr die Kinder<\/li>\n\n\n\n<li>Einbindung in ein Team und fachliche Begleitung<\/li>\n\n\n\n<li>freundliches und wertsch\u00e4tzendes Miteinander<\/li>\n<\/ul>\n\n\n\n<p>&nbsp;<br><strong>Wir bieten:<\/strong><br>&nbsp;<\/p>\n\n\n\n<ul class=\"wp-block-list\">\n<li>einen abwechslungsreichen, interessanten und verantwortungsvollen Arbeitsplatz<\/li>\n\n\n\n<li>eine Eingruppierung\/Bezahlung nach TV-L (Tarifvertrag der L\u00e4nder) je nach Qualifikation, Fortbildungsm\u00f6glichkeiten und Angebote betrieblicher Gesundheitsf\u00f6rderung<\/li>\n\n\n\n<li>ein motiviertes Team<\/li>\n<\/ul>\n\n\n\n<p><br>Falls wir Ihr Interesse geweckt haben, freuen wir uns auf Ihre Bewerbung.<br><br><br>Ansprechpartner f\u00fcr Bewerbung:<br>Frau Wagner<br>Auf dem Kreuz 58 86152 Augsburg&nbsp;<br><a href=\"mailto:wagner@schwabenhilfe.de\">wagner@schwabenhilfe.de<\/a><\/p>\n\n\n\n<p><\/p>\n\n\n\n<p><br><\/p>\n\n<\/div><\/details><\/div>\n\n<div class=\"lightweight-accordion\"><details><summary class=\"lightweight-accordion-title\"><span>Heilp\u00e4dagogin bzw. Erzieherin (m\/w\/d) &#8211; Sonthofen<\/span><\/summary><div class=\"lightweight-accordion-body\">\n\n<p>F\u00fcr die <strong>Private schulvorbereitende Einrichtung Sonthofen <\/strong>suchen wir ab 14.09.2026 eine <strong>teilzeitbesch\u00e4ftigte Heilp\u00e4dagogin oder Erzieherin&nbsp;(m\/w\/d), <\/strong>zun\u00e4chst befristet bis zum Ende des Schuljahres 2026\/27. Eine Weiterbesch\u00e4ftigung ist grunds\u00e4tzlich m\u00f6glich und auch erw\u00fcnscht.<\/p>\n\n\n\n<p><br><strong>Aufgaben und Verantwortungsbereich<\/strong><br>&nbsp;<\/p>\n\n\n\n<p>In den schulvorbereitenden Einrichtungen (<strong>SVE<\/strong>) werden Kinder mit sonderp\u00e4dagogischem F\u00f6rderbedarf im Alter von drei bis sechs Jahren in kleinen Gruppen intensiv betreut und gef\u00f6rdert. Die Gruppen werden von einer Heilp\u00e4dagogin (m\/w\/d) geleitet, welche in Diagnose und F\u00f6rderung von einer Sonderschullehrkraft unterst\u00fctzt werden. Zus\u00e4tzlich werden zur Betreuung der Kinder Kinderpfleger (m\/w\/d) eingesetzt.<\/p>\n\n\n\n<p>Die w\u00f6chentliche Arbeitszeit in der SVE betr\u00e4gt ca. 33 Wochenstunden. Die Unterweisung der Kinder findet schult\u00e4glich am Vormittag statt. Die Eingruppierung erfolgt nach TV-L.<\/p>\n\n\n\n<p><br><strong>Voraussetzungen<\/strong><br>&nbsp;<strong>Wir erwarten:<\/strong><\/p>\n\n\n\n<ul class=\"wp-block-list\">\n<li>selbst\u00e4ndige Mitarbeit auf der Grundlage der Einrichtungskonzeption<\/li>\n\n\n\n<li>Empathie f\u00fcr die Kinder<\/li>\n\n\n\n<li>Einbindung in ein Team und fachliche Begleitung<\/li>\n\n\n\n<li>freundliches und wertsch\u00e4tzendes Miteinander<\/li>\n<\/ul>\n\n\n\n<p>&nbsp;<br><strong>Wir bieten:<\/strong><br>&nbsp;<\/p>\n\n\n\n<ul class=\"wp-block-list\">\n<li>einen abwechslungsreichen, interessanten und verantwortungsvollen Arbeitsplatz<\/li>\n\n\n\n<li>eine Eingruppierung\/Bezahlung nach TV-L (Tarifvertrag der L\u00e4nder) je nach Qualifikation, Fortbildungsm\u00f6glichkeiten und Angebote betrieblicher Gesundheitsf\u00f6rderung<\/li>\n\n\n\n<li>ein motiviertes Team<\/li>\n<\/ul>\n\n\n\n<p><br>Falls wir Ihr Interesse geweckt haben, freuen wir uns auf Ihre Bewerbung.<br><br><br>Ansprechpartner f\u00fcr Bewerbung:<br>Frau Wagner<br>Auf dem Kreuz 58 86152 Augsburg&nbsp;<br><a href=\"mailto:wagner@schwabenhilfe.de\">wagner@schwabenhilfe.de<\/a><\/p>\n\n\n\n<p><\/p>\n\n\n\n<p><br><\/p>\n\n<\/div><\/details><\/div>\n\n<div class=\"lightweight-accordion\"><details><summary class=\"lightweight-accordion-title\"><span>Kinderpflegerin (m\/w\/d) &#8211; SVE Augsburg<\/span><\/summary><div class=\"lightweight-accordion-body\">\n\n<p>F\u00fcr die <strong>Private schulvorbereitende Einrichtung Augsburg <\/strong>suchen wir ab April 2026 eine <strong>teilzeitbesch\u00e4ftigte Kinderpflegerin (m\/w\/d) mit 19,25 Stunden. <\/strong>Die Stelle ist befristet bis zum Ende des Schuljahres 2025\/26. Eine Weiterbesch\u00e4ftigung ist grunds\u00e4tzlich m\u00f6glich. Die Anstellung erfolgt von Seiten der Regierung von Schwaben.<\/p>\n\n\n\n<p><strong>Aufgaben und Verantwortungsbereich&nbsp;<\/strong><\/p>\n\n\n\n<p>In den schulvorbereitenden Einrichtungen (<strong>SVE<\/strong>) werden Kinder mit sonderp\u00e4dagogischem F\u00f6rderbedarf im Alter von drei bis sechs Jahren in kleinen Gruppen intensiv betreut und gef\u00f6rdert. Die Gruppen werden von einer Heilp\u00e4dagogin (m\/w\/d) geleitet, welche in Diagnose und F\u00f6rderung von einer Studienr\u00e4tin unterst\u00fctzt werden. Zus\u00e4tzlich werden zur Betreuung der Kinder Kinderpflegerinnen und evtl. Praktikanten (m\/w\/d) eingesetzt.<\/p>\n\n\n\n<p>Die vertragliche w\u00f6chentliche Arbeitszeit der Kinderpflegerinnen (m\/w\/d) betr\u00e4gt 19,25 Stunden und ist haupts\u00e4chlich schult\u00e4glich am Vormittag einzubringen. In den Ferien findet kein SVE-Betrieb statt. Die arbeitsfreien Zeiten \u00fcbersteigen den tariflichen Urlaubsanspruch und werden bei der Bezahlung in Abzug gebracht.<\/p>\n\n\n\n<p>&nbsp;<strong>Wir erwarten:<\/strong><\/p>\n\n\n\n<ul class=\"wp-block-list\">\n<li>selbst\u00e4ndige Mitarbeit auf der Grundlage der Einrichtungskonzeption<\/li>\n<\/ul>\n\n\n\n<ul class=\"wp-block-list\">\n<li>Empathie f\u00fcr die Kinder<\/li>\n<\/ul>\n\n\n\n<ul class=\"wp-block-list\">\n<li>Einbindung in ein Team und fachliche Begleitung<\/li>\n<\/ul>\n\n\n\n<p><strong>Wir bieten:<\/strong>&nbsp;<\/p>\n\n\n\n<ul class=\"wp-block-list\">\n<li>einen abwechslungsreichen, interessanten und verantwortungsvollen Arbeitsplatz.<\/li>\n<\/ul>\n\n\n\n<ul class=\"wp-block-list\">\n<li>eine Eingruppierung\/Bezahlung nach TV-L (Tarifvertrag der L\u00e4nder) je nach Qualifikation, Fortbildungsm\u00f6glichkeiten und Angebote betrieblicher Gesundheitsf\u00f6rderung.<\/li>\n<\/ul>\n\n\n\n<ul class=\"wp-block-list\">\n<li>ein motiviertes Team&nbsp;<\/li>\n<\/ul>\n\n\n\n<ul class=\"wp-block-list\">\n<li>freundliches und wertsch\u00e4tzendes Miteinander<\/li>\n<\/ul>\n\n\n\n<p>Falls wir Ihr Interesse geweckt haben, freuen wir uns auf Ihre Bewerbung. <\/p>\n\n\n\n<p><\/p>\n\n<\/div><\/details><\/div>\n\n<div class=\"lightweight-accordion\"><details><summary class=\"lightweight-accordion-title\"><span>Hausmeister (m\/w\/d) auf Stundenlohnbasis &#8211; SVE Illertissen<\/span><\/summary><div class=\"lightweight-accordion-body\">\n\n<p>F\u00fcr unsere <strong>Private schulvorbereitende Einrichtung Illertissen <\/strong>suchen wir ab sofort einen <strong>zuverl\u00e4ssigen Hausmeister (m\/w\/d) auf Stundenlohnbasis.<\/strong><\/p>\n\n\n\n<p><strong>\u00dcber uns<\/strong><\/p>\n\n\n\n<p>In unseren Schulvorbereitenden Einrichtungen betreuen und f\u00f6rdern wir Kinder im Alter von 3 Jahren bis zum Schuleintritt, die in einem oder mehreren Entwicklungsbereichen F\u00f6rderbedarf haben.            \u00a0  <\/p>\n\n\n\n<p>\ud83d\udccd Dietenheimer Stra\u00dfe 13 in 89257 Illertissen<\/p>\n\n\n\n<p><strong>Das bieten wir<\/strong><\/p>\n\n\n\n<ul class=\"wp-block-list\">\n<li>Minijob mit einem Stundenlohn von 15,00 \u20ac brutto<\/li>\n\n\n\n<li>Flexible Arbeitszeiten am Nachmittag oder Abend nach Absprache<\/li>\n\n\n\n<li>Maximaler Umfang von ca. 10 Stunden pro Monat<\/li>\n<\/ul>\n\n\n\n<p><strong>Das bringen Sie mit<\/strong><\/p>\n\n\n\n<ul class=\"wp-block-list\">\n<li>Handwerkliche Vorkenntnisse und praktisches Geschick<\/li>\n\n\n\n<li>Zuverl\u00e4ssigkeit und selbstst\u00e4ndige Arbeitsweise<\/li>\n<\/ul>\n\n\n\n<p>Wir freuen uns auf Ihre Bewerbung!<\/p>\n\n\n\n<p>\ud83d\udce7 wagner@schwabenhilfe.de \ud83d\udcde 0821 34617-11<\/p>\n\n<\/div><\/details><\/div>\n\n<div class=\"lightweight-accordion\"><details><summary class=\"lightweight-accordion-title\"><span>Hausmeister (m\/w\/d) auf Stundenlohnbasis &#8211; SVE Neu-Ulm<\/span><\/summary><div class=\"lightweight-accordion-body\">\n\n<p>F\u00fcr unsere <strong>Private schulvorbereitende Einrichtung Neu-Ulm <\/strong>suchen wir ab dem 01.07.2026 einen <strong>zuverl\u00e4ssigen Hausmeister (m\/w\/d) auf Stundenlohnbasis.<\/strong><\/p>\n\n\n\n<p><strong>\u00dcber uns<\/strong><\/p>\n\n\n\n<p>In unseren Schulvorbereitenden Einrichtungen betreuen und f\u00f6rdern wir Kinder im Alter von 3 Jahren bis zum Schuleintritt, die in einem oder mehreren Entwicklungsbereichen F\u00f6rderbedarf haben.          <\/p>\n\n\n\n<p>\ud83d\udccd Marlene-Dietrich-Stra\u00dfe 3 in 89231 Neu-Ulm<\/p>\n\n\n\n<p><strong>Das bieten wir<\/strong><\/p>\n\n\n\n<ul class=\"wp-block-list\">\n<li>Minijob mit einem Stundenlohn von 15,00 \u20ac brutto<\/li>\n\n\n\n<li>Flexible Arbeitszeiten am Nachmittag oder Abend nach Absprache<\/li>\n\n\n\n<li>Maximaler Umfang von ca. 10 Stunden pro Monat<\/li>\n<\/ul>\n\n\n\n<p><strong>Das bringen Sie mit<\/strong><\/p>\n\n\n\n<ul class=\"wp-block-list\">\n<li>Handwerkliche Vorkenntnisse und praktisches Geschick<\/li>\n\n\n\n<li>Zuverl\u00e4ssigkeit und selbstst\u00e4ndige Arbeitsweise<\/li>\n<\/ul>\n\n\n\n<p>Wir freuen uns auf Ihre Bewerbung!<\/p>\n\n\n\n<p>\ud83d\udce7 wagner@schwabenhilfe.de \ud83d\udcde 0821 34617-11<\/p>\n\n<\/div><\/details><\/div>\n\n<div class=\"lightweight-accordion\"><details><summary class=\"lightweight-accordion-title\"><span>Praktikumspl\u00e4tze im Rahmen des SEJ und KiPrax<\/span><\/summary><div class=\"lightweight-accordion-body\">\n\n<p>Du m\u00f6chtest Kinder mit F\u00f6rderbedarf in ihrer Entwicklung unterst\u00fctzen?                                                         Du suchst ein spannendes und sinnstiftendes Praktikum in einem professionellen heilp\u00e4dagogischen Umfeld?<\/p>\n\n\n\n<p>Dann bis du bei uns genau richtig!<\/p>\n\n\n\n<p>In unseren Schulvorbereitenden Einrichtungen betreuen wir Kinder im Alter von 3 Jahren bis zum Schuleintritt, die in einem oder mehreren Entwicklungsbereichen F\u00f6rderbedarf haben. Die F\u00f6rderung findet montags bis freitags jeweils von 8:00 bis 12:00 Uhr statt. W\u00e4hrend der bayerischen Schulferien sind unsere Einrichtungen geschlossen.<\/p>\n\n\n\n<p><strong>Was dich erwartet:<\/strong>                                                                                                                                                    <\/p>\n\n\n\n<ul class=\"wp-block-list\">\n<li>30 Wochenstunden<\/li>\n\n\n\n<li>Verg\u00fctung nach \u00a7 17 Abs. 2 Satz 1 Nr. 1 BBiG<\/li>\n\n\n\n<li>Kleine Gruppen mit maximal 10\u201312 Kindern<\/li>\n\n\n\n<li>Ein engagiertes Team aus heilp\u00e4dagogischen, erzieherischen und sonderp\u00e4dagogischen Fachkr\u00e4ften<\/li>\n\n\n\n<li>Vielf\u00e4ltige Chancen, deine p\u00e4dagogischen F\u00e4higkeiten zu erweitern und pers\u00f6nlich zu wachsen<\/li>\n<\/ul>\n\n\n\n<p>Werde Teil unseres motivierten Teams und begleite Kinder in ihrer Entwicklung.<\/p>\n\n\n\n<p>Wir freuen uns auf tatkr\u00e4ftige, empathische und verantwortungsbewusste Praktikant*innen, die Freude an der Arbeit mit Kindern mitbringen.<\/p>\n\n\n\n<p><strong>\ud83d\udccd Einsatzorte: In ganz Schwaben \u2013 wohnortnah m\u00f6glich!<\/strong>                                                                          <\/p>\n\n\n\n<p>Link: <a href=\"https:\/\/www.google.com\/maps\/d\/viewer?mid=1r0h7ZzaKMnnC7yKfQs_yfItWuYUi9fD5&amp;ll=48.21045883194877%2C10.515542049999986&amp;z=8\">https:\/\/www.google.com\/maps\/d\/viewer?mid=1r0h7ZzaKMnnC7yKfQs_yfItWuYUi9fD5&amp;ll=48.21045883194877%2C10.515542049999986&amp;z=8<\/a><\/p>\n\n\n\n<p><strong>Bist du bereit f\u00fcr neue Herausforderungen?<\/strong>                                                                                            <strong>Dann bewirb dich jetzt oder informiere dich unverbindlich bei uns!<\/strong><\/p>\n\n\n\n<p>\ud83d\udce7 praehofer@schwabenhilfe.de                                                                                                                \ud83d\udcde 0821 34617-13     <\/p>\n\n<\/div><\/details><\/div>\n\n<div class=\"lightweight-accordion\"><details><summary class=\"lightweight-accordion-title\"><span>Praktikumspl\u00e4tze f\u00fcr Studierende in p\u00e4dagogischen Studieng\u00e4ngen<\/span><\/summary><div class=\"lightweight-accordion-body\">\n\n<p>Die <strong>Schwabenhilfe f\u00fcr Kinder<\/strong>, Verein zur Erziehungshilfe und Sprachf\u00f6rderung e. V., ist Tr\u00e4ger von Schulvorbereitenden Einrichtungen (derzeit 71 Gruppen) in ganz Schwaben.<\/p>\n\n\n\n<p>Wir k\u00f6nnen <strong>Studierenden in p\u00e4dagogischen Studieng\u00e4ngen an Fachhochschulen\/Hochschulen f\u00fcr angewandte Wissenschaft<\/strong> Praktikumspl\u00e4tze anbieten. Das vorgeschriebene <strong>praktische Studiensemester<\/strong> kann in einer unserer schulvorbereitenden Einrichtungen im Regierungsbezirk Schwaben abgeleistet werden. Leider k\u00f6nnen wir <strong>keine Praktikumspl\u00e4tze im Rahmen eines dualen Studiums<\/strong> anbieten.<\/p>\n\n\n\n<p><strong>Aufgaben und Verantwortungsbereich<\/strong><\/p>\n\n\n\n<p>In den schulvorbereitenden Einrichtungen (<strong>SVE<\/strong>) werden Kinder mit sonderp\u00e4dagogischem F\u00f6rderbedarf im Alter von drei bis sechs Jahren in kleinen Gruppen intensiv betreut und gef\u00f6rdert. Die Gruppen werden von einer Heilp\u00e4dagogin oder einem Heilp\u00e4dagogen geleitet, welche in Diagnose und F\u00f6rderung von einer Studienlehrkraft unterst\u00fctzt werden. Die Kinder haben einen F\u00f6rderbedarf in den Bereichen Sprache, Kognition, Wahrnehmung, Lernen und\/oder sozial-emotionalen Verhalten. Die F\u00f6rderung der Kinder findet am Vormittag w\u00e4hrend der Schulzeit statt. Die w\u00f6chentliche Arbeitszeit betr\u00e4gt ca. 30 Stunden. F\u00fcr das Praktikum kann eine monatliche Verg\u00fctung in H\u00f6he von ca. 380,00 \u20ac gew\u00e4hrt werden.<\/p>\n\n\n\n<p>Unser Team in der SVE braucht Unterst\u00fctzung. Das Praktikum soll mindestens 20 Wochen dauern.<\/p>\n\n\n\n<p><strong>Voraussetzungen<\/strong><\/p>\n\n\n\n<ul class=\"wp-block-list\">\n<li>p\u00e4dagogischer Studienplatz an einer Fachhochschule\/Hochschule f\u00fcr angewandte Wissenschaften in Bayern<\/li>\n\n\n\n<li>verpflichtendes Praktikum im Rahmen des Studiums<\/li>\n<\/ul>\n\n\n\n<p><strong>Wir bieten:<\/strong><\/p>\n\n\n\n<ul class=\"wp-block-list\">\n<li>einen abwechslungsreichen, interessanten und verantwortungsvollen Praktikumsplatz<\/li>\n\n\n\n<li>ein motiviertes Team<\/li>\n<\/ul>\n\n\n\n<p><strong>Wir freuen uns \u00fcber Ihr Interesse!<\/strong><\/p>\n\n\n\n<p>Falls wir Ihr Interesse geweckt haben, freuen wir uns auf Ihre Bewerbung!<\/p>\n\n<\/div><\/details><\/div>\n\n\n<p>Wenn Sie Ihre Bewerbung mit E-Mail schicken m\u00f6chten bitte an <strong>wagner@schwabenhilfe.de<\/strong><br>Bitte senden Sie uns <strong>Anh\u00e4nge ausschlie\u00dflich als .pdf-Dateien<\/strong><\/p>\n\n\n\n<p><\/p>\n","protected":false},"excerpt":{"rendered":"<p>Stellenangebote Wenn Sie Ihre Bewerbung mit E-Mail schicken m\u00f6chten bitte an wagner@schwabenhilfe.deBitte senden Sie uns Anh\u00e4nge ausschlie\u00dflich als .pdf-Dateien<\/p>\n","protected":false},"author":2,"featured_media":0,"parent":0,"menu_order":0,"comment_status":"closed","ping_status":"closed","template":"","meta":{"footnotes":""},"categories":[1],"tags":[],"class_list":["post-268","page","type-page","status-publish","hentry","category-allgemein"],"_links":{"self":[{"href":"https:\/\/schwabenhilfe.de\/kinder\/wp-json\/wp\/v2\/pages\/268","targetHints":{"allow":["GET"]}}],"collection":[{"href":"https:\/\/schwabenhilfe.de\/kinder\/wp-json\/wp\/v2\/pages"}],"about":[{"href":"https:\/\/schwabenhilfe.de\/kinder\/wp-json\/wp\/v2\/types\/page"}],"author":[{"embeddable":true,"href":"https:\/\/schwabenhilfe.de\/kinder\/wp-json\/wp\/v2\/users\/2"}],"replies":[{"embeddable":true,"href":"https:\/\/schwabenhilfe.de\/kinder\/wp-json\/wp\/v2\/comments?post=268"}],"version-history":[{"count":464,"href":"https:\/\/schwabenhilfe.de\/kinder\/wp-json\/wp\/v2\/pages\/268\/revisions"}],"predecessor-version":[{"id":2319,"href":"https:\/\/schwabenhilfe.de\/kinder\/wp-json\/wp\/v2\/pages\/268\/revisions\/2319"}],"wp:attachment":[{"href":"https:\/\/schwabenhilfe.de\/kinder\/wp-json\/wp\/v2\/media?parent=268"}],"wp:term":[{"taxonomy":"category","embeddable":true,"href":"https:\/\/schwabenhilfe.de\/kinder\/wp-json\/wp\/v2\/categories?post=268"},{"taxonomy":"post_tag","embeddable":true,"href":"https:\/\/schwabenhilfe.de\/kinder\/wp-json\/wp\/v2\/tags?post=268"}],"curies":[{"name":"wp","href":"https:\/\/api.w.org\/{rel}","templated":true}]}}