{"id":257,"date":"2021-03-24T09:39:12","date_gmt":"2021-03-24T08:39:12","guid":{"rendered":"https:\/\/schwabenhilfe.de\/kinder\/?page_id=257"},"modified":"2024-09-11T10:28:45","modified_gmt":"2024-09-11T08:28:45","slug":"impressum","status":"publish","type":"page","link":"https:\/\/schwabenhilfe.de\/kinder\/impressum\/","title":{"rendered":"Impressum"},"content":{"rendered":"\n<h1 class=\"wp-block-heading\">Impressum &#8211; Rechtliche Hinweise<\/h1>\n\n\n\n<h5 class=\"wp-block-heading\">Herausgeber<\/h5>\n\n\n\n<p>Schwabenhilfe f\u00fcr Kinder Verein zur Erziehungshilfe und Sprachf\u00f6rderung e.V.<br>Auf dem Kreuz 58<br>86152 Augsburg<br>Telefon: 0821 \/ 34617 \u2013 0<br>Email: info@schwabenhilfe.de<\/p>\n\n\n\n<p>Eingetragener Verein, Amtsgericht Augsburg -Registergericht-VR-Nr. 997<\/p>\n\n\n\n<h5 class=\"wp-block-heading\">1. Vorsitzender<\/h5>\n\n\n\n<p>Herr Peter Schiele, Stv. Bezirkstagspr\u00e4sident, Landkreis Donau-Ries<\/p>\n\n\n\n<h5 class=\"wp-block-heading\">Finanzamt Augsburg Stadt<\/h5>\n\n\n\n<p>Steuernummer: 103 \/110 \/70091<\/p>\n\n\n\n<p>Die Schwabenhilfe f\u00fcr Kinder e. V. ist als gemeinn\u00fctzig anerkannt und nach \u00a7 5 Abs. 1 Nr. 9 des K\u00f6rperschaftsgesetzes von der K\u00f6rperschaftssteuer befreit.<\/p>\n\n\n\n<h2 class=\"wp-block-heading\">Disclaimer<\/h2>\n\n\n\n<h5 class=\"wp-block-heading\">Haftung f\u00fcr Inhalte<\/h5>\n\n\n\n<p>Als Diensteanbieter sind wir gem\u00e4\u00df \u00a7 7 Abs.1 DDG f\u00fcr<br>eigene Inhalte auf diesen Seiten nach den allgemeinen Gesetzen verantwortlich.<br>Nach \u00a7\u00a7 8 bis 10 DDG sind wir als Diensteanbieter jedoch nicht<br>verpflichtet, \u00fcbermittelte oder gespeicherte fremde Informationen zu<br>\u00fcberwachen oder nach Umst\u00e4nden zu forschen, die auf eine rechtswidrige<br>T\u00e4tigkeit hinweisen. Verpflichtungen zur Entfernung oder Sperrung der<br>Nutzung von Informationen nach den allgemeinen Gesetzen bleiben hiervon<br>unber\u00fchrt. Eine diesbez\u00fcgliche Haftung ist jedoch erst ab dem<br>Zeitpunkt der Kenntnis einer konkreten Rechtsverletzung m\u00f6glich. Bei<br>Bekanntwerden von entsprechenden Rechtsverletzungen werden wir diese Inhalte<br>umgehend entfernen.<\/p>\n\n\n\n<h5 class=\"wp-block-heading\">Haftung f\u00fcr Links<\/h5>\n\n\n\n<p>Unser Angebot enth\u00e4lt Links zu externen Webseiten Dritter, auf deren<br>Inhalte wir keinen Einfluss haben. Deshalb k\u00f6nnen wir f\u00fcr diese<br>fremden Inhalte auch keine Gew\u00e4hr \u00fcbernehmen. F\u00fcr die Inhalte<br>der verlinkten Seiten ist stets der jeweilige Anbieter oder Betreiber der<br>Seiten verantwortlich. Die verlinkten Seiten wurden zum Zeitpunkt der Verlinkung<br>auf m\u00f6gliche Rechtsverst\u00f6\u00dfe \u00fcberpr\u00fcft. Rechtswidrige<br>Inhalte waren zum Zeitpunkt der Verlinkung nicht erkennbar. Eine permanente<br>inhaltliche Kontrolle der verlinkten Seiten ist jedoch ohne konkrete Anhaltspunkte<br>einer Rechtsverletzung nicht zumutbar. Bei Bekanntwerden von Rechtsverletzungen<br>werden wir derartige Links umgehend entfernen.<\/p>\n\n\n\n<h5 class=\"wp-block-heading\">Urheberrecht<\/h5>\n\n\n\n<p>Die durch die Seitenbetreiber erstellten Inhalte und Werke auf diesen Seiten<br>unterliegen dem deutschen Urheberrecht. Die Vervielf\u00e4ltigung, Bearbeitung, Verbreitung und<br>jede Art der Verwertung au\u00dferhalb der Grenzen des Urheberrechtes bed\u00fcrfen<br>der schriftlichen Zustimmung des jeweiligen Autors bzw. Erstellers. Downloads<br>und Kopien dieser Seite sind nur f\u00fcr den privaten, nicht kommerziellen<br>Gebrauch gestattet. Soweit die Inhalte auf dieser Seite nicht vom Betreiber erstellt wurden,<br>werden die Urheberrechte Dritter beachtet. Insbesondere werden Inhalte Dritter als solche<br>gekennzeichnet. Sollten Sie trotzdem auf eine Urheberrechtsverletzung aufmerksam werden, bitten wir um einen entsprechenden Hinweis.<br>Bei Bekanntwerden von Rechtsverletzungen werden wir derartige Inhalte umgehend entfernen.<\/p>\n\n\n\n<p><i>Quellen: <a href=\"http:\/\/www.e-recht24.de\/muster-disclaimer.htm\" target=\"_blank\" rel=\"nofollow noopener\">Disclaimer<\/a> von eRecht24, dem Portal zum Internetrecht von Rechtsanwalt S\u00f6ren Siebert<\/i><\/p>\n\n\n\n<h4 class=\"wp-block-heading\">Bildnachweise<\/h4>\n\n\n\n<p>Gruppe von personen, die unternehmensplan in einem b\u00fcro ausarbeitet Kostenlose Fotos<br><a href=\"https:\/\/de.freepik.com\/fotos\/geschaeft\">Gesch\u00e4ft Foto erstellt von senivpetro &#8211; de.freepik.com<\/a><\/p>\n\n\n\n<p>Nahaufnahme des alten buches Kostenlose Fotos<br><a href=\"https:\/\/de.freepik.com\/fotos\/buch\">Buch Foto erstellt von bearfotos &#8211; de.freepik.com<\/a><\/p>\n\n\n\n<p>Junge im rentierkost\u00fcm spricht ins megaphon Kostenlose Fotos<br><a href=\"https:\/\/de.freepik.com\/fotos\/weihnachten\">Weihnachten Foto erstellt von gpointstudio &#8211; de.freepik.com<\/a><\/p>\n\n\n\n<p>Netter kleiner m\u00e4dcheningenieur mit helm, der bluepring lokalisiert auf gelber wand h\u00e4lt Kostenlose Fotos<br><a href=\"https:\/\/de.freepik.com\/fotos\/frau\">Frau Foto erstellt von diana.grytsku &#8211; de.freepik.com<\/a><\/p>\n\n\n\n<p>Ernsthafter schullehrer, der den sch\u00fclern hilft, ihre aufgabe im unterricht zu bew\u00e4ltigen Kostenlose Fotos <br><a href=\"https:\/\/de.freepik.com\/fotos\/schule\">Schule Foto erstellt von pch.vector &#8211; de.freepik.com<\/a><\/p>\n\n\n\n<p>Fingerdruck ein soziales netzwerk-taste auf einem touch-screen Kostenlose Fotos<br><a href=\"https:\/\/de.freepik.com\/fotos\/geschaeft\">Gesch\u00e4ft Foto erstellt von onlyyouqj &#8211; de.freepik.com<\/a><\/p>\n\n\n\n<p>Schulkinder in der bibliothek lesen Kostenlose Fotos<br><a href=\"https:\/\/de.freepik.com\/fotos\/schule\">Schule Foto erstellt von pressfoto &#8211; de.freepik.com<\/a><\/p>\n\n\n\n<p>Kinder am schultisch Kostenlose Fotos<br><a href=\"https:\/\/de.freepik.com\/fotos\/schule\">Schule Foto erstellt von gpointstudio &#8211; de.freepik.com<\/a><\/p>\n\n\n\n<p><\/p>\n","protected":false},"excerpt":{"rendered":"<p>Impressum &#8211; Rechtliche Hinweise Herausgeber Schwabenhilfe f\u00fcr Kinder Verein zur Erziehungshilfe und Sprachf\u00f6rderung e.V.Auf dem Kreuz 5886152 AugsburgTelefon: 0821 \/ 34617 \u2013 0Email: info@schwabenhilfe.de Eingetragener Verein, Amtsgericht Augsburg -Registergericht-VR-Nr. 997 [&hellip;]<\/p>\n","protected":false},"author":2,"featured_media":0,"parent":0,"menu_order":0,"comment_status":"closed","ping_status":"closed","template":"","meta":{"footnotes":""},"categories":[1],"tags":[],"class_list":["post-257","page","type-page","status-publish","hentry","category-allgemein"],"_links":{"self":[{"href":"https:\/\/schwabenhilfe.de\/kinder\/wp-json\/wp\/v2\/pages\/257","targetHints":{"allow":["GET"]}}],"collection":[{"href":"https:\/\/schwabenhilfe.de\/kinder\/wp-json\/wp\/v2\/pages"}],"about":[{"href":"https:\/\/schwabenhilfe.de\/kinder\/wp-json\/wp\/v2\/types\/page"}],"author":[{"embeddable":true,"href":"https:\/\/schwabenhilfe.de\/kinder\/wp-json\/wp\/v2\/users\/2"}],"replies":[{"embeddable":true,"href":"https:\/\/schwabenhilfe.de\/kinder\/wp-json\/wp\/v2\/comments?post=257"}],"version-history":[{"count":9,"href":"https:\/\/schwabenhilfe.de\/kinder\/wp-json\/wp\/v2\/pages\/257\/revisions"}],"predecessor-version":[{"id":1569,"href":"https:\/\/schwabenhilfe.de\/kinder\/wp-json\/wp\/v2\/pages\/257\/revisions\/1569"}],"wp:attachment":[{"href":"https:\/\/schwabenhilfe.de\/kinder\/wp-json\/wp\/v2\/media?parent=257"}],"wp:term":[{"taxonomy":"category","embeddable":true,"href":"https:\/\/schwabenhilfe.de\/kinder\/wp-json\/wp\/v2\/categories?post=257"},{"taxonomy":"post_tag","embeddable":true,"href":"https:\/\/schwabenhilfe.de\/kinder\/wp-json\/wp\/v2\/tags?post=257"}],"curies":[{"name":"wp","href":"https:\/\/api.w.org\/{rel}","templated":true}]}}