{"id":205,"date":"2021-03-23T12:02:27","date_gmt":"2021-03-23T11:02:27","guid":{"rendered":"https:\/\/schwabenhilfe.de\/kinder\/?page_id=205"},"modified":"2026-03-18T10:39:28","modified_gmt":"2026-03-18T09:39:28","slug":"team","status":"publish","type":"page","link":"https:\/\/schwabenhilfe.de\/kinder\/team\/","title":{"rendered":"Team"},"content":{"rendered":"<h1 style=\"text-align: center; margin-top: 30px;\">Ihre Ansprechpartner in unserer Gesch\u00e4ftsstelle in Augsburg<\/h1>\n<div class=\"sh-spec-4colums-formart\" style=\"align-items: flex-start;\">\n<div class=\"sh-spec-4colums-inner\">\n<h2 style=\"text-align: center;\">CW<\/h2>\n<h6>Claudia Wagner<\/h6>\n<p><span style=\"color: #000000;\">Gesch\u00e4ftsf\u00fchrerin, Personal, Controlling<\/span><\/p>\n<p>Tel.: 08 21 \u2013 3 46 17 \u2013 11<br \/>\nwagner@schwabenhilfe.de<\/p>\n<\/div>\n<div class=\"sh-spec-4colums-inner\">\n<h2 style=\"text-align: center;\">KL<\/h2>\n<h6>Katrin Laux<\/h6>\n<p>stv. Gesch\u00e4ftsf\u00fchrerin, Personal, Lohnbuchhaltung<\/p>\n<p>Tel.: 08 21 \u2013 3 46 17 \u2013 14<br \/>\nlaux@schwabenhilfe.de<\/p>\n<\/div>\n<div class=\"sh-spec-4colums-inner\">\n<h2 style=\"text-align: center;\">ChW<\/h2>\n<h6>Christine Wetzstein<\/h6>\n<p><span style=\"color: #000000;\">stv. Gesch\u00e4ftsf\u00fchrerin, Finanzbuchhaltung<\/span><\/p>\n<p>Tel.: 08 21 \u2013 3 46 17 \u2013 17<\/p>\n<\/div>\n<div class=\"sh-spec-4colums-inner\">\n<h2 style=\"text-align: center;\">AP<\/h2>\n<h6>Angela Pr\u00e4hofer<\/h6>\n<p>Rechnungswesen, Sch\u00fclerbef\u00f6rderung, Elternbeitr\u00e4ge, Personal<\/p>\n<p>Tel.: 08 21 \u2013 3 46 17 \u2013 13<br \/>\npraehofer@schwabenhilfe.de<\/p>\n<\/div>\n<div class=\"sh-spec-4colums-inner\">\n<h2 style=\"text-align: center;\">VL<\/h2>\n<h6>Veronika Loderer<\/h6>\n<p><span style=\"color: #000000;\">Rechnungswesen, Sch\u00fclerbef\u00f6rderung<br \/>\n<\/span><\/p>\n<p>Tel.: 08 21 \u2013 3 46 17 \u2013 15<br \/>\nloderer@schwabenhilfe.de<\/p>\n<\/div>\n<div class=\"sh-spec-4colums-inner\">\n<h2 style=\"text-align: center;\">DK<\/h2>\n<h6>Dieter Krischke<\/h6>\n<p>Beschaffungswesen, IT, Liegenschaften<\/p>\n<p>Tel.: 08 21 \u2013 3 46 17 \u2013 10<br \/>\nkrischke@schwabenhilfe.de<\/p>\n<\/div>\n<div class=\"sh-spec-4colums-inner\">\n<h2 style=\"text-align: center;\">MU<\/h2>\n<h6>Maria Unsicker<\/h6>\n<p><span style=\"color: #000000;\">Rechnungswesen, Sch\u00fclerbef\u00f6rderung<\/span><\/p>\n<p>Tel.: 08 21 \u2013 3 46 17 \u2013 12<br \/>\nunsicker@schwabenhilfe.de<\/p>\n<\/div>\n<div class=\"sh-spec-4colums-inner\">\n<h2 style=\"text-align: center;\">JK<\/h2>\n<h6>Julia Krischke<\/h6>\n<p><span style=\"color: #000000;\">Spenden, \u00d6ffentlichkeitsarbeit<\/span><\/p>\n<p>Tel.: 08 21 \u2013 3 46 17 \u2013 18<br \/>\njulia.krischke@schwabenhilfe.de<\/p>\n<\/div>\n<div class=\"sh-spec-4colums-inner\">\n<h2 style=\"text-align: center;\">SD<\/h2>\n<h6>Sonja Droescher<\/h6>\n<p><span style=\"color: #000000;\">Rechnungswesen, Sch\u00fclerbef\u00f6rderung, Elternbeitr\u00e4ge<\/span><\/p>\n<p>Tel.: 08 21 \u2013 3 46 17 \u2013 20<br \/>\ndroescher@schwabenhilfe.de<\/p>\n<\/div>\n<\/div>\n","protected":false},"excerpt":{"rendered":"<p>Ihre Ansprechpartner in unserer Gesch\u00e4ftsstelle in Augsburg CW Claudia Wagner Gesch\u00e4ftsf\u00fchrerin, Personal, Controlling Tel.: 08 21 \u2013 3 46 17 \u2013 11 wagner@schwabenhilfe.de KL Katrin Laux stv. Gesch\u00e4ftsf\u00fchrerin, Personal, Lohnbuchhaltung [&hellip;]<\/p>\n","protected":false},"author":2,"featured_media":0,"parent":0,"menu_order":0,"comment_status":"closed","ping_status":"closed","template":"","meta":{"footnotes":""},"categories":[1],"tags":[],"class_list":["post-205","page","type-page","status-publish","hentry","category-allgemein"],"_links":{"self":[{"href":"https:\/\/schwabenhilfe.de\/kinder\/wp-json\/wp\/v2\/pages\/205","targetHints":{"allow":["GET"]}}],"collection":[{"href":"https:\/\/schwabenhilfe.de\/kinder\/wp-json\/wp\/v2\/pages"}],"about":[{"href":"https:\/\/schwabenhilfe.de\/kinder\/wp-json\/wp\/v2\/types\/page"}],"author":[{"embeddable":true,"href":"https:\/\/schwabenhilfe.de\/kinder\/wp-json\/wp\/v2\/users\/2"}],"replies":[{"embeddable":true,"href":"https:\/\/schwabenhilfe.de\/kinder\/wp-json\/wp\/v2\/comments?post=205"}],"version-history":[{"count":34,"href":"https:\/\/schwabenhilfe.de\/kinder\/wp-json\/wp\/v2\/pages\/205\/revisions"}],"predecessor-version":[{"id":2249,"href":"https:\/\/schwabenhilfe.de\/kinder\/wp-json\/wp\/v2\/pages\/205\/revisions\/2249"}],"wp:attachment":[{"href":"https:\/\/schwabenhilfe.de\/kinder\/wp-json\/wp\/v2\/media?parent=205"}],"wp:term":[{"taxonomy":"category","embeddable":true,"href":"https:\/\/schwabenhilfe.de\/kinder\/wp-json\/wp\/v2\/categories?post=205"},{"taxonomy":"post_tag","embeddable":true,"href":"https:\/\/schwabenhilfe.de\/kinder\/wp-json\/wp\/v2\/tags?post=205"}],"curies":[{"name":"wp","href":"https:\/\/api.w.org\/{rel}","templated":true}]}}