{"id":181,"date":"2021-03-23T09:25:00","date_gmt":"2021-03-23T08:25:00","guid":{"rendered":"https:\/\/schwabenhilfe.de\/kinder\/?page_id=181"},"modified":"2024-10-02T14:38:08","modified_gmt":"2024-10-02T12:38:08","slug":"der-verein-wer-wir-sind","status":"publish","type":"page","link":"https:\/\/schwabenhilfe.de\/kinder\/der-verein-wer-wir-sind\/","title":{"rendered":"Der Verein &#8211; Wer wir sind"},"content":{"rendered":"<h1 style=\"text-align: center;\" data-tadv-p=\"keep\">Der Verein &#8211; Wer wir sind<\/h1>\n<p>Die Schwabenhilfe f\u00fcr Kinder geh\u00f6rt zu den gro\u00dfen Einrichtungen zur sonderp\u00e4dagogischen F\u00f6rderung von Vorschulkindern und Schulkindern in Schwaben. Sie erreicht mit ihrer Arbeit mehr als 1.400 Kinder im gesamten Regierungsbezirk. \u00dcber dreihundert Mitarbeiterinnen und Mitarbeiter arbeiten mit den Kindern vor Ort und in der zentralen Verwaltung, welche jedoch nur einen geringen Aufwand beansprucht.<\/p>\n<p>Mitglieder des gemeinn\u00fctzigen eingetragenen Vereins sind der Bezirk Schwaben, Landkreise und kreisfreie St\u00e4dte, einzelne Gebietsk\u00f6rperschaften, soziale Institutionen sowie einige Privatpersonen. Die Vereinsstruktur erm\u00f6glicht finanzielle F\u00f6rderung durch den Freistaats Bayern und entlastet damit viel kommunalen Finanzaufwand. Die bezirksweite Organisationsstruktur hat sich bis heute bew\u00e4hrt.<br \/>\nDie Schwabenhilfe f\u00fcr Kinder ist Tr\u00e4gerin f\u00fcr:<\/p>\n<ul style=\"list-style-type: disc;\">\n<li data-tadv-p=\"keep\">Mobile sonderp\u00e4dagogische Hilfen (MSH) in Kinderg\u00e4rten<\/li>\n<li data-tadv-p=\"keep\">Schulvorbereitende Einrichtungen (SVE)<\/li>\n<li data-tadv-p=\"keep\">Diagnose- und F\u00f6rderklassen (DFK) in der Agnes-Wyssach-Schule, privates sonderp\u00e4dagogisches F\u00f6rderzentrum Kempten mit gebundenen Ganztagesklassen<\/li>\n<li data-tadv-p=\"keep\">die Simpertschule, Privates F\u00f6rderzentrum mit F\u00f6rderschwerpunkt emotionale und soziale Entwicklung<\/li>\n<\/ul>\n<h5 data-tadv-p=\"keep\">Finanzierung<\/h5>\n<p>Ohne den gemeinn\u00fctzigen Verein Schwabenhilfe f\u00fcr Kinder e. V. w\u00fcrde es dieses fl\u00e4chendeckende F\u00f6rderangebot f\u00fcr Kinder heute nicht in dieser Form geben. Der Betrieb der Einrichtungen wird zum Teil aus staatlichen Mitteln (Bayerisches Schulfinanzierungsgesetz) finanziert. Einen erheblichen Anteil des laufenden Betriebs muss der Verein jedoch aus Eigenmitteln erbringen. Insbesondere f\u00fcr Projekte wie Spielger\u00e4te und Au\u00dfenanlagen, oder f\u00fcr den Einsatz von PraktikantInnen sind Mitglieds- und Elternbeitr\u00e4ge sowie Spenden und private Zuwendungen unverzichtbar.<\/p>\n<p>Um das Angebot so wohnortnah zu erhalten, den uns anvertrauten Kindern die bestm\u00f6gliche F\u00f6rderung bieten zu k\u00f6nnen und das Angebot f\u00fcr Eltern finanzierbar zu gestalten, ist der Verein auf das Interesse und die Hilfe Vieler angewiesen. Wir freuen uns \u00fcber jede Unterst\u00fctzung. Gerne informieren wir Sie auch pers\u00f6nlich \u00fcber unsere Arbeit.<\/p>\n<h5 data-tadv-p=\"keep\">Gesch\u00e4ftsstelle<\/h5>\nSchwabenhilfe f\u00fcr Kinder Verein zur Erziehungshilfe und Sprachf\u00f6rderung e.V.<br>\r\nAuf dem Kreuz 58<br>\r\n86152 Augsburg\n<p>Tel.: 0821 \u2013 34617 \u2013 0<br \/>\nFax: 0821 \u2013 34617 \u2013 16<br \/>\neMail: info@schwabenhilfe.de<\/p>\n<h5 data-tadv-p=\"keep\">Ansprechpartner<\/h5>\n<p>Claudia Wagner, Gesch\u00e4ftsf\u00fchrerin<br \/>\nTel.: 08 21 \/ 3 46 17 \u2013 11<\/p>\n<h5 data-tadv-p=\"keep\">Spendenkonto<\/h5>\n<p>bei der Sparkasse Schwaben-Bodensee<\/p>\n<p>IBAN: DE14 7315 0000 0000 0002 16<\/p>\n<p>BIC: BYLADEM1MLM<\/p>\n<p>M\u00f6chten Sie eine Zuwendungsbest\u00e4tigung? Dann vermerken Sie bitte Ihre Adresse auf dem \u00dcberweisungstr\u00e4ger oder rufen Sie uns an.<\/p>\n","protected":false},"excerpt":{"rendered":"<p>Der Verein &#8211; Wer wir sind Die Schwabenhilfe f\u00fcr Kinder geh\u00f6rt zu den gro\u00dfen Einrichtungen zur sonderp\u00e4dagogischen F\u00f6rderung von Vorschulkindern und Schulkindern in Schwaben. Sie erreicht mit ihrer Arbeit mehr [&hellip;]<\/p>\n","protected":false},"author":2,"featured_media":0,"parent":0,"menu_order":0,"comment_status":"closed","ping_status":"closed","template":"","meta":{"footnotes":""},"categories":[1],"tags":[],"class_list":["post-181","page","type-page","status-publish","hentry","category-allgemein"],"_links":{"self":[{"href":"https:\/\/schwabenhilfe.de\/kinder\/wp-json\/wp\/v2\/pages\/181","targetHints":{"allow":["GET"]}}],"collection":[{"href":"https:\/\/schwabenhilfe.de\/kinder\/wp-json\/wp\/v2\/pages"}],"about":[{"href":"https:\/\/schwabenhilfe.de\/kinder\/wp-json\/wp\/v2\/types\/page"}],"author":[{"embeddable":true,"href":"https:\/\/schwabenhilfe.de\/kinder\/wp-json\/wp\/v2\/users\/2"}],"replies":[{"embeddable":true,"href":"https:\/\/schwabenhilfe.de\/kinder\/wp-json\/wp\/v2\/comments?post=181"}],"version-history":[{"count":7,"href":"https:\/\/schwabenhilfe.de\/kinder\/wp-json\/wp\/v2\/pages\/181\/revisions"}],"predecessor-version":[{"id":1599,"href":"https:\/\/schwabenhilfe.de\/kinder\/wp-json\/wp\/v2\/pages\/181\/revisions\/1599"}],"wp:attachment":[{"href":"https:\/\/schwabenhilfe.de\/kinder\/wp-json\/wp\/v2\/media?parent=181"}],"wp:term":[{"taxonomy":"category","embeddable":true,"href":"https:\/\/schwabenhilfe.de\/kinder\/wp-json\/wp\/v2\/categories?post=181"},{"taxonomy":"post_tag","embeddable":true,"href":"https:\/\/schwabenhilfe.de\/kinder\/wp-json\/wp\/v2\/tags?post=181"}],"curies":[{"name":"wp","href":"https:\/\/api.w.org\/{rel}","templated":true}]}}