{"id":172,"date":"2021-03-23T08:11:05","date_gmt":"2021-03-23T07:11:05","guid":{"rendered":"http:\/\/schwabenhilfe.de\/kinder\/?page_id=172"},"modified":"2024-08-13T14:13:51","modified_gmt":"2024-08-13T12:13:51","slug":"simpertschule-sozialpaedagogische-tagesstaette","status":"publish","type":"page","link":"https:\/\/schwabenhilfe.de\/kinder\/simpertschule-sozialpaedagogische-tagesstaette\/","title":{"rendered":"Simpertschule"},"content":{"rendered":"\n<p><\/p>\n\n\n<h1 style=\"text-align: center;\" data-tadv-p=\"keep\"><span style=\"font-size: 48px;\">Simpertschule<\/span><\/h1>\n<p>\u00a0<\/p>\n<p>Die Simpertschule in Augsburg ist ein privates F\u00f6rderzentrum mit dem F\u00f6rderschwerpunkt emotionale und soziale Entwicklung mit integrierter p\u00e4dagogischer Nachmittagsbetreuung in der Tagesst\u00e4tte und schulvorbereitender Einrichtung (SVE). Als Ganztagseinrichtung haben wir an allen Schultagen von 8:00 bis 16:45 Uhr ge\u00f6ffnet.<\/p>\n<p>Aufgenommen werden Kinder von der ersten bis zur vierten Klasse, die\u2026<\/p>\n<ul style=\"list-style-type: disc;\">\n<li data-tadv-p=\"keep\">in ihrer Erziehung keine Grenzen kennen gelernt haben<\/li>\n<li data-tadv-p=\"keep\">sich nicht an Regeln und Grenzen halten<\/li>\n<li data-tadv-p=\"keep\">anderen und sich selbst gegen\u00fcber aggressiv und destruktiv sind<\/li>\n<li data-tadv-p=\"keep\">distanzlos sind<\/li>\n<li data-tadv-p=\"keep\">gehemmt sind und wenig Selbstwertgef\u00fchl haben<\/li>\n<li data-tadv-p=\"keep\">Konzentrations- und Aufmerksamkeitsst\u00f6rungen zeigen<\/li>\n<li data-tadv-p=\"keep\">kein altersgem\u00e4\u00dfes Arbeitsverhalten aufgebaut haben<\/li>\n<li data-tadv-p=\"keep\">Traumatisches erlebt haben<\/li>\n<li data-tadv-p=\"keep\">trotz normaler Begabung den Anforderungen der Grundschule nicht gewachsen sind.<\/li>\n<\/ul>\n<p>Wir arbeiten an der Schule nach klaren Regeln und Grenzen, mit festen Strukturen. Die Kinder werden bei uns in geringen Klassen- oder Gruppenst\u00e4rke nach dem Lehrplan der Grundschule unterrichtet und zus\u00e4tzlich individuell und differenziert gef\u00f6rdert. Unser Team besteht aus qualifizierten Fachleuten mit<\/p>\n<ul style=\"list-style-type: disc;\">\n<li data-tadv-p=\"keep\">Sonderp\u00e4dagogInnen<\/li>\n<li data-tadv-p=\"keep\">Heil- und Sonderp\u00e4dagogische Unterrichtshilfen<\/li>\n<li data-tadv-p=\"keep\">Heilp\u00e4dagogInnen<\/li>\n<li data-tadv-p=\"keep\">Sozialp\u00e4dagogInnen<\/li>\n<li data-tadv-p=\"keep\">ErzieherInnenund HeilerziehungspflegerInnen,<\/li>\n<\/ul>\n<p>die bei Bedarf mit den Fachdiensten aus dem psychosozialen Bereich kooperieren.<br \/>Unser Ziel ist die emotionale und soziale Entwicklung und Stabilisierung des Kindes und die erfolgreiche R\u00fcckf\u00fchrung in eine Regelschule oder weiterf\u00fchrende Schule.<\/p>\n<h5 data-tadv-p=\"keep\">Schritte zur Aufnahme<\/h5>\n<ol>\n<li data-tadv-p=\"keep\">Meldung an die Schulleitung durch Eltern, Kinderg\u00e4rten, schulvorbereitende Einrichtungen, Grundschulen oder sonderp\u00e4dagogische F\u00f6rderzentren<\/li>\n<li data-tadv-p=\"keep\">\u00dcberpr\u00fcfung durch einen Sonderp\u00e4dagogen der Simpertschule, ob die Einrichtung der optimale F\u00f6rderort f\u00fcr das Kind ist<\/li>\n<li data-tadv-p=\"keep\">Informationsgespr\u00e4ch mit den Erziehungsberechtigten<\/li>\n<li data-tadv-p=\"keep\">Aufnahmeantrag durch die Erziehungsberechtigten<\/li>\n<li data-tadv-p=\"keep\">Aufnahmegespr\u00e4ch<\/li>\n<li data-tadv-p=\"keep\">Aufnahme zu Beginn des n\u00e4chsten Schuljahres, sp\u00e4testens zu Beginn des dritten Schuljahres.<\/li>\n<\/ol>\n<h5 data-tadv-p=\"keep\">Adresse<\/h5>\n<p>Hermann-Kluftinger-Str.14<br \/>86153 Augsburg<br \/>Tel.: 08 21 \u2013 55 62 07<br \/>Fax: 08 21 \u2013 55 62 01<\/p>\n<p>Web: www.simpertschule.de<br \/>E-mail: verwaltung@simpertschule.de<\/p>\n<p>Schulleitung\/Gesamtleitung<br \/>Gabriele Zehendner<\/p>\n<p>Leitung der p\u00e4dagogischen Nachmittagsbetreuung in der Tagesst\u00e4tte<br \/>Bernhard Schuster, Heilp\u00e4dagoge<br \/>Tel.: 08 21 \u2013 5 67 04 35<\/p>","protected":false},"excerpt":{"rendered":"<p>Simpertschule \u00a0 Die Simpertschule in Augsburg ist ein privates F\u00f6rderzentrum mit dem F\u00f6rderschwerpunkt emotionale und soziale Entwicklung mit integrierter p\u00e4dagogischer Nachmittagsbetreuung in der Tagesst\u00e4tte und schulvorbereitender Einrichtung (SVE). Als Ganztagseinrichtung [&hellip;]<\/p>\n","protected":false},"author":2,"featured_media":0,"parent":0,"menu_order":0,"comment_status":"closed","ping_status":"closed","template":"","meta":{"footnotes":""},"categories":[1],"tags":[],"class_list":["post-172","page","type-page","status-publish","hentry","category-allgemein"],"_links":{"self":[{"href":"https:\/\/schwabenhilfe.de\/kinder\/wp-json\/wp\/v2\/pages\/172","targetHints":{"allow":["GET"]}}],"collection":[{"href":"https:\/\/schwabenhilfe.de\/kinder\/wp-json\/wp\/v2\/pages"}],"about":[{"href":"https:\/\/schwabenhilfe.de\/kinder\/wp-json\/wp\/v2\/types\/page"}],"author":[{"embeddable":true,"href":"https:\/\/schwabenhilfe.de\/kinder\/wp-json\/wp\/v2\/users\/2"}],"replies":[{"embeddable":true,"href":"https:\/\/schwabenhilfe.de\/kinder\/wp-json\/wp\/v2\/comments?post=172"}],"version-history":[{"count":6,"href":"https:\/\/schwabenhilfe.de\/kinder\/wp-json\/wp\/v2\/pages\/172\/revisions"}],"predecessor-version":[{"id":1533,"href":"https:\/\/schwabenhilfe.de\/kinder\/wp-json\/wp\/v2\/pages\/172\/revisions\/1533"}],"wp:attachment":[{"href":"https:\/\/schwabenhilfe.de\/kinder\/wp-json\/wp\/v2\/media?parent=172"}],"wp:term":[{"taxonomy":"category","embeddable":true,"href":"https:\/\/schwabenhilfe.de\/kinder\/wp-json\/wp\/v2\/categories?post=172"},{"taxonomy":"post_tag","embeddable":true,"href":"https:\/\/schwabenhilfe.de\/kinder\/wp-json\/wp\/v2\/tags?post=172"}],"curies":[{"name":"wp","href":"https:\/\/api.w.org\/{rel}","templated":true}]}}