{"id":162,"date":"2021-03-22T23:17:33","date_gmt":"2021-03-22T22:17:33","guid":{"rendered":"http:\/\/schwabenhilfe.de\/kinder\/?page_id=162"},"modified":"2021-06-17T14:55:19","modified_gmt":"2021-06-17T12:55:19","slug":"mobile-sonderpaedagogische-hilfen","status":"publish","type":"page","link":"https:\/\/schwabenhilfe.de\/kinder\/mobile-sonderpaedagogische-hilfen\/","title":{"rendered":"Mobile sonderp\u00e4dagogische Hilfen"},"content":{"rendered":"<h1 style=\"text-align: center;\" data-tadv-p=\"keep\">Mobile sonderp\u00e4dagogische Hilfen<\/h1>\n<p>Kinder mit sonderp\u00e4dagogischem F\u00f6rderbedarf k\u00f6nnen bis zum Schuleintritt grunds\u00e4tzlich sonderp\u00e4dagogische Hilfe auch am Regelkindergarten erhalten, wenn eine ad\u00e4quate F\u00f6rderung nicht bereits durch andere Einrichtungen oder Stellen gew\u00e4hrleistet ist und die Defizite und Entwicklungsr\u00fcckst\u00e4nde nicht so gro\u00df sind, dass eine optimale F\u00f6rderung nur in einer <a href=\"https:\/\/schwabenhilfe.de\/kinder\/schulvorbereitende-einrichtung\/\">schulvorbereitende Einrichtung<\/a> m\u00f6glich ist. Die Heilp\u00e4dagoginnen und Heilp\u00e4dagogen unserer mobilen sonderp\u00e4dagogischen Hilfen sind regelm\u00e4ssig in den Kinderg\u00e4rten anwesend. Sie beraten Eltern und ErzieherInnen, unterst\u00fctzen sie bei der F\u00f6rderung der Kinder und f\u00f6rdern selbst die Kinder in Kleingruppen oder in Form von Einzelstunden in ihren jeweiligen Entwicklungsbereichen.<\/p>\n<p>Gemeinsam mit Studienr\u00e4te im F\u00f6rderschuldienst der zust\u00e4ndigen sonderp\u00e4dagogischen F\u00f6rderzentren sind sie in der Diagnostik t\u00e4tig und kl\u00e4ren in Gespr\u00e4chen gemeinsam mit Eltern und ErzieherInnen, welche Hilfen sinnvoll sind. Bei Bedarf arbeiten sie mit medizinischen, psychologischen und sonstigen sozialen und p\u00e4dagogischen Diensten zusammen, um die Kinder in ihrer Entwicklung bestens zu unterst\u00fctzen.<\/p>\n<p>Bei der F\u00f6rderung durch eine mobile sonderp\u00e4dagogischen Hilfe am Regelkindergarten sind die Kinder in einer Einrichtung vor Ort, die auch von Nachbarskindern besucht wird. Bestehende soziale Kontakte mit anderen Kindern bleiben erhalten, die Kindern bleiben in der gewohnten Umgebung.<\/p>\n<p><strong>Die mobilen sonderp\u00e4dagogischen Hilfen sind \u00fcber die Leitungen der Kindertagesst\u00e4tten oder \u00fcber unsere schulvorbereitenden Einrichtungen (SVE) zu erreichen.<\/strong><\/p>\n<div class=\"lightweight-accordion\"><details><summary class=\"lightweight-accordion-title\"><span>Angebote f\u00fcr Mitarbeiterinnen und Mitarbeiter von Regelkinderg\u00e4rten<br \/><\/span><\/summary><div class=\"lightweight-accordion-body\"><p>Eine wichtige Aufgabe unserer mobilen sonderp\u00e4dagogischen Hilfen ist die Unterst\u00fctzung der Erzieherinnen und Erziehern in Regelkinderg\u00e4rten.<\/p>\n<p>Wir bieten Beratungsangebote zu folgenen Themen:<\/p>\n<h5>Fallbezogene Einzelberatung<\/h5>\n<ul style=\"list-style-type: disc;\">\n<li>Sprachentwicklung und Sprachf\u00f6rderung<\/li>\n<li>Programme zur sprachlichen Bildung (\u201cphonologische Bewusstheit\u201d)<\/li>\n<li>F\u00f6rderung mehrsprachiger Kinder<\/li>\n<li>F\u00f6rderung der Wahrnehmung und Sensorik<\/li>\n<li>Mengen- und Zahlenverst\u00e4ndnis im Kindergartenalter<\/li>\n<li>Pr\u00e4vention von Verhaltensauff\u00e4lligkeiten in der Kindergartengruppe<\/li>\n<\/ul>\n<\/div><\/details><\/div>\n<div class=\"lightweight-accordion\"><details><summary class=\"lightweight-accordion-title\"><span>Angebote f\u00fcr Kinder<\/span><\/summary><div class=\"lightweight-accordion-body\"><p>Die mobilen sonderp\u00e4dgogischen Hilfen an Regelkinderg\u00e4rten unterst\u00fctzen die Entwicklung der Kinder in folgenden Bereichen:<\/p>\n<h5>Spa\u00df an der Sprache<\/h5>\n<ul style=\"list-style-type: disc;\">\n<li>H\u00f6ren, sprechen, reimen: Training der \u201cphonologischen Bewusstheit\u201d<\/li>\n<li>Spielen und erz\u00e4hlen: gezielte sprachliche Bildung mit dem Bilderbuch<\/li>\n<li>Menschen und Dinge besser verstehen: Erweiterung des Sprachverst\u00e4ndnisses<\/li>\n<li>Deutsch lernen: sonderp\u00e4dagogische F\u00f6rderung mehrsprachiger Kinder<\/li>\n<\/ul>\n<h5>Freude am Lernen<\/h5>\n<ul style=\"list-style-type: disc;\">\n<li>Lust am Schauen und Entdecken: Wahrnehmungsf\u00f6rderung<\/li>\n<li>Spa\u00df an der Bewegung: F\u00f6rderung der motorischen Entwicklung<\/li>\n<li>Spielerische \u00dcbungen des Mengen- und Zahlenverst\u00e4ndnisses<\/li>\n<\/ul>\n<h5>Sicherheit im emotionalen Erleben und sozialen Verhalten<\/h5>\n<ul style=\"list-style-type: disc;\">\n<li>Den Gef\u00fchlen auf der Spur: Erwerb positiven Verhaltens<\/li>\n<li>Training sozialen Verhaltens in der Gruppe<\/li>\n<\/ul>\n<\/div><\/details><\/div>\n\n\n<p><\/p>\n","protected":false},"excerpt":{"rendered":"<p>Mobile sonderp\u00e4dagogische Hilfen Kinder mit sonderp\u00e4dagogischem F\u00f6rderbedarf k\u00f6nnen bis zum Schuleintritt grunds\u00e4tzlich sonderp\u00e4dagogische Hilfe auch am Regelkindergarten erhalten, wenn eine ad\u00e4quate F\u00f6rderung nicht bereits durch andere Einrichtungen oder Stellen gew\u00e4hrleistet [&hellip;]<\/p>\n","protected":false},"author":2,"featured_media":0,"parent":0,"menu_order":0,"comment_status":"closed","ping_status":"closed","template":"","meta":{"footnotes":""},"categories":[1],"tags":[],"class_list":["post-162","page","type-page","status-publish","hentry","category-allgemein"],"_links":{"self":[{"href":"https:\/\/schwabenhilfe.de\/kinder\/wp-json\/wp\/v2\/pages\/162","targetHints":{"allow":["GET"]}}],"collection":[{"href":"https:\/\/schwabenhilfe.de\/kinder\/wp-json\/wp\/v2\/pages"}],"about":[{"href":"https:\/\/schwabenhilfe.de\/kinder\/wp-json\/wp\/v2\/types\/page"}],"author":[{"embeddable":true,"href":"https:\/\/schwabenhilfe.de\/kinder\/wp-json\/wp\/v2\/users\/2"}],"replies":[{"embeddable":true,"href":"https:\/\/schwabenhilfe.de\/kinder\/wp-json\/wp\/v2\/comments?post=162"}],"version-history":[{"count":3,"href":"https:\/\/schwabenhilfe.de\/kinder\/wp-json\/wp\/v2\/pages\/162\/revisions"}],"predecessor-version":[{"id":340,"href":"https:\/\/schwabenhilfe.de\/kinder\/wp-json\/wp\/v2\/pages\/162\/revisions\/340"}],"wp:attachment":[{"href":"https:\/\/schwabenhilfe.de\/kinder\/wp-json\/wp\/v2\/media?parent=162"}],"wp:term":[{"taxonomy":"category","embeddable":true,"href":"https:\/\/schwabenhilfe.de\/kinder\/wp-json\/wp\/v2\/categories?post=162"},{"taxonomy":"post_tag","embeddable":true,"href":"https:\/\/schwabenhilfe.de\/kinder\/wp-json\/wp\/v2\/tags?post=162"}],"curies":[{"name":"wp","href":"https:\/\/api.w.org\/{rel}","templated":true}]}}