{"id":1548,"date":"2024-08-13T15:44:10","date_gmt":"2024-08-13T13:44:10","guid":{"rendered":"https:\/\/schwabenhilfe.de\/kinder\/?page_id=1548"},"modified":"2024-08-13T16:07:21","modified_gmt":"2024-08-13T14:07:21","slug":"ombudsstelle","status":"publish","type":"page","link":"https:\/\/schwabenhilfe.de\/kinder\/ombudsstelle\/","title":{"rendered":"Ombudsstelle und interne Meldestelle f\u00fcr Hinweise"},"content":{"rendered":"\n<p>Unsere Einrichtung, die Schwabenhilfe f\u00fcr Kinder Verein zur Erziehungshilfe und Sprachf\u00f6rderung e.V., legt gro\u00dfen Wert auf ein faires und transparentes Miteinander und strengt sich an, stets alle gesetzlichen Vorgaben einzuhalten. Dieses Engagement bildet das Fundament unserer hohen Reputation bei unseren Jugendlichen, Angeh\u00f6rigen, Lieferanten und Gesch\u00e4ftspartnern. Im Einklang mit gesetzlichen Anforderungen haben wir eine unabh\u00e4ngige Ombudsstelle als interne Meldestelle ins Leben gerufen, um eine Anlaufstelle f\u00fcr Hinweise auf m\u00f6gliche Unregelm\u00e4\u00dfigkeiten zu bieten. Sie k\u00f6nnen sich an uns wenden, wenn Sie Verdachtsf\u00e4lle melden m\u00f6chten, beispielsweise in Bezug auf:<\/p>\n\n\n\n<ul class=\"wp-block-list\">\n<li>Verst\u00f6\u00dfe gegen Kinderrechte<\/li>\n\n\n\n<li>Fehlverhalten unserer Besch\u00e4ftigten<\/li>\n\n\n\n<li>Wirtschaftskriminalit\u00e4t, Geldw\u00e4sche, Bestechung<\/li>\n\n\n\n<li>Schutz der Rechte von Besch\u00e4ftigten unserer Einrichtung<\/li>\n\n\n\n<li>Verst\u00f6\u00dfe gegen den Arbeitsschutz, Datenschutz, Umweltschutz<\/li>\n\n\n\n<li>Verst\u00f6\u00dfe gegen das Lieferkettensorgfaltspflichtengesetz<\/li>\n<\/ul>\n\n\n\n<p><br>Wir nehmen Hinweise zu diesen und anderen Verst\u00f6\u00dfen ernst, m\u00f6chten jedoch darauf hinweisen, dass das Hinweisgebersystem nicht f\u00fcr Beschwerden \u00fcber die Qualit\u00e4t der erbrachten Leistungen gedacht ist. F\u00fcr solche Anliegen bitten wir Sie, sich direkt an Ihren zust\u00e4ndigen Ansprechpartner in unserer Einrichtung zu wenden.<\/p>\n\n\n\n<p>Um unseren Ombudsmann zu kontaktieren oder eine Meldung zu erstatten, stehen Ihnen folgende M\u00f6glichkeiten zur Verf\u00fcgung:<\/p>\n\n\n\n<p>Das Hinweisgebersystem der Schwabenhilfe f\u00fcr Kinder Verein zur Erziehungshilfe und Sprachf\u00f6rderung e.V. wird von Vertrauenspersonen in der Ombudsstelle betreut. Sie erreichen es unter: <a href=\"http:\/\/schwabenhilfe.ihre-ombudsstelle.de\">schwabenhilfe.ihre-ombudsstelle.de<\/a>. Sollten Sie das Hinweisgebersystem nicht nutzen wollen, k\u00f6nnen Sie auch direkt \u00fcber die angegebenen Kontaktdaten unseren Ombudsmann und die Meldestellenbeauftragten pers\u00f6nlich erreichen.<\/p>\n\n\n\n<p>Diese Ma\u00dfnahmen spiegeln unser Bestreben wider, die Integrit\u00e4t und das Vertrauen in unsere Einrichtung zu st\u00e4rken. Wir ermutigen Sie, von diesen M\u00f6glichkeiten Gebrauch zu machen, sollten Sie berechtigte Hinweise haben.<\/p>\n\n\n\n<p>Maximilian Hartung<br>Ombudsstelle bei der Datenschutz Agentur<br>Frauentorstra\u00dfe 9<br>86152 Augsburg | Germany<br>T +49 (0) 821 90786450<br>F +49 (0) 821 90786459<br>schwabenhilfe@ihre-ombudsstelle.de<br>Threema ID: RUZU7A5F<\/p>\n\n\n\n<p><br><\/p>\n","protected":false},"excerpt":{"rendered":"<p>Unsere Einrichtung, die Schwabenhilfe f\u00fcr Kinder Verein zur Erziehungshilfe und Sprachf\u00f6rderung e.V., legt gro\u00dfen Wert auf ein faires und transparentes Miteinander und strengt sich an, stets alle gesetzlichen Vorgaben einzuhalten. [&hellip;]<\/p>\n","protected":false},"author":10,"featured_media":0,"parent":0,"menu_order":0,"comment_status":"closed","ping_status":"closed","template":"","meta":{"footnotes":""},"categories":[],"tags":[],"class_list":["post-1548","page","type-page","status-publish","hentry"],"_links":{"self":[{"href":"https:\/\/schwabenhilfe.de\/kinder\/wp-json\/wp\/v2\/pages\/1548","targetHints":{"allow":["GET"]}}],"collection":[{"href":"https:\/\/schwabenhilfe.de\/kinder\/wp-json\/wp\/v2\/pages"}],"about":[{"href":"https:\/\/schwabenhilfe.de\/kinder\/wp-json\/wp\/v2\/types\/page"}],"author":[{"embeddable":true,"href":"https:\/\/schwabenhilfe.de\/kinder\/wp-json\/wp\/v2\/users\/10"}],"replies":[{"embeddable":true,"href":"https:\/\/schwabenhilfe.de\/kinder\/wp-json\/wp\/v2\/comments?post=1548"}],"version-history":[{"count":3,"href":"https:\/\/schwabenhilfe.de\/kinder\/wp-json\/wp\/v2\/pages\/1548\/revisions"}],"predecessor-version":[{"id":1554,"href":"https:\/\/schwabenhilfe.de\/kinder\/wp-json\/wp\/v2\/pages\/1548\/revisions\/1554"}],"wp:attachment":[{"href":"https:\/\/schwabenhilfe.de\/kinder\/wp-json\/wp\/v2\/media?parent=1548"}],"wp:term":[{"taxonomy":"category","embeddable":true,"href":"https:\/\/schwabenhilfe.de\/kinder\/wp-json\/wp\/v2\/categories?post=1548"},{"taxonomy":"post_tag","embeddable":true,"href":"https:\/\/schwabenhilfe.de\/kinder\/wp-json\/wp\/v2\/tags?post=1548"}],"curies":[{"name":"wp","href":"https:\/\/api.w.org\/{rel}","templated":true}]}}